{"id":2,"date":"2017-02-01T08:26:40","date_gmt":"2017-02-01T08:26:40","guid":{"rendered":"http:\/\/damrakoc.com\/blog\/?page_id=2"},"modified":"2020-01-17T15:51:24","modified_gmt":"2020-01-17T15:51:24","slug":"damra-hakkinda","status":"publish","type":"page","link":"http:\/\/damrakoc.com\/blog\/damra-hakkinda\/","title":{"rendered":"Damra Hakk\u0131nda"},"content":{"rendered":"<p>Merhabalar, benim ad\u0131m <strong>Damra<\/strong>.\u00a0Bursa&#8217;l\u0131y\u0131m, \u0130stanbul&#8217;da ya\u015f\u0131yorum. 93 do\u011fumluyum.\u00a0(Kendimle alakal\u0131, zaman bulduk\u00e7a bu c\u00fcmlenin devam\u0131n\u0131 getirece\u011fim).<\/p>\n<p>Yakla\u015f\u0131k olarak <strong>2012<\/strong>&#8216;den beri <strong>yaz\u0131l\u0131mc\u0131 (backend<\/strong> \/ <strong>mobile application developer<\/strong>) olarak \u00e7al\u0131\u015f\u0131yorum.<\/p>\n<p>Mesle\u011fimi seviyorum, ileriye d\u00f6n\u00fck daha\u00a0g\u00fczel \u015feyler\u00a0yapabilmek i\u00e7in kendimi s\u00fcrekli geli\u015ftirdi\u011fime inan\u0131yorum.<\/p>\n<p>Garip bir ad\u0131m var biliyorum ve <strong>damra ne demek<\/strong>\u00a0diyecek olursan\u0131z ad\u0131m\u0131n anlam\u0131n\u0131 tam olarak ben de bilmiyorum ama edindi\u011fim bilgiler do\u011frultusunda;<\/p>\n<p>Fars\u00e7a\u00a0k\u00f6kenli bir isim\u00a0Hz. Muhammed&#8217;in erkek s\u00fct karde\u015finin ismi olarak dini kaynaklarda yer al\u0131yor.<br \/>\n&#8220;<em>Kelime anlam\u0131 olarak paha bi\u00e7ilemez.<br \/>\n\u00c7ok eski bir kavmin ad\u0131.<br \/>\nSevdiklerini koruyan g\u00fc\u00e7l\u00fc yi\u011fit erkek.<\/em>&#8221; ve bunun gibi bir \u00e7ok anlam\u0131 var. Ama ben anlam\u0131 bilinmiyoru tercih ediyorum..<\/p>\n<p>&nbsp;<\/p>\n<p>Yaz\u0131l\u0131mla u\u011fra\u015fan \u00e7o\u011fu gen\u00e7 bireylerin bilgisayarla tan\u0131\u015fma evresi (2000 den sonras\u0131 i\u00e7in konu\u015fuyorum) t\u0131pk\u0131 benim gibi bilgisayar oyunlar\u0131 olmu\u015ftur. \u00c7ok iyi hat\u0131rl\u0131yorum 2002 2003 y\u0131llar\u0131nda okuldan ( ilk okul 3 \ud83d\ude00 ) ka\u00e7\u0131p internet kafelere giderdik, o \u00e7a\u011fdaki \u00e7ocuklar i\u00e7in k\u00f6t\u00fc bir \u00f6rnek olsamda \u015fu andaki hayat\u0131mda olan bir\u00e7ok \u015feyi o zamanlara bor\u00e7luyum. Bazen, &#8220;ke\u015fke&#8221; dedi\u011fim oluyor. Daha iyi bir lise ve \u00fcniversitede e\u011fitim alm\u0131\u015f olabilirdim ama edinmi\u015f olaca\u011f\u0131m mesle\u011fimi bu kadar sevebilir miydim? Sanm\u0131yorum. Di\u011fer tarafdan da sabah kalk\u0131yorsunuz dert etti\u011finiz tek \u015fey yol oluyor, var m\u0131 daha g\u00fczeli? \ud83d\ude00 Herneyse, tekrar bilgisayar oyunlar\u0131na d\u00f6necek olursak beni programc\u0131l\u0131kla tan\u0131\u015ft\u0131ran \u015fey ise oyunlarda hile yap\u0131labiliyor olmas\u0131yd\u0131, malum \u00f6\u011frencisiniz ve zaman\u0131n\u0131z\u0131n \u00e7o\u011fu okulda ve yolda ge\u00e7iyor ama online oyununuz durmuyor s\u00fcrekli olarak online olan kullan\u0131c\u0131lar sizi oyunda fig\u00fcran haline getiriyor, bir de MMORPG de karakterinizle \u00f6zde\u015fle\u015ftiyseniz oyuna ba\u011f\u0131ml\u0131 hale geliyorsunuz, bu y\u00fczden oyunda yap\u0131labilmesi \u00f6ng\u00f6r\u00fclen hile aray\u0131\u015f\u0131na, alternatif yollara ba\u015fvuruyorsunuz vs. (detay i\u00e7in <a href=\"https:\/\/www.youtube.com\/channel\/UC8XD4hP9Hzhx2Sz0wvpqi2A?view_as=subscriber\">youtube kanal\u0131ma<\/a>\u00a0(<a href=\"https:\/\/www.youtube.com\/channel\/UCT6ysuGwf5dUfMEAPufuOdA\">ki\u015fisel<\/a>) ho\u015f gelebilirsiniz :D). Belki de bu y\u00fczden tekrar eden i\u015flemleri g\u00f6r\u00fcnce i\u00e7im s\u0131k\u0131l\u0131yor hemen akl\u0131ma k\u0131sa s\u00fcreli ticari projeler geliyor.<\/p>\n<p>&nbsp;<\/p>\n<p>Lise ve \u00fcniversitedeki \u00f6\u011fretmenlerimi k\u00f6t\u00fclemek istemem ama bilgisayar ile alakal\u0131 mesle\u011fe y\u00f6nelik verilen e\u011fitimlerin daha \u00f6\u011frenciyken\u00a0yetersiz oldu\u011funu anlad\u0131\u011f\u0131mda, kendimi mezun olduktan sonra i\u015fsiz kalmamak i\u00e7in sekt\u00f6re y\u00f6nelik geli\u015ftirmeye \u00e7al\u0131\u015ft\u0131m. \u00d6devler\/Projeler mezun olduktan sonra hi\u00e7 bir i\u015fimize yaramayacak oldu\u011fu i\u00e7in, hedefi sadece g\u00fcn\u00fc kurtarmak oldu\u011fu i\u00e7in daha \u00e7ok ticari getirisi olabilecek \u015feyler ile ilgilendim, mesela knight online oyununa ara verdikten sonra youtube, facebook, twitter gibi sosyala\u011f botlar\u0131yla u\u011fra\u015ft\u0131m, miktar vermek istemiyorum ama hatr\u0131 say\u0131l\u0131r g\u00fczel gelir elde etti\u011fimi belirtmek isterim.<\/p>\n<p>Her hangi bir programlama dilinin veya teknolojisinin fanboylu\u011funu yapm\u0131yorum, sevmiyorum da.<\/p>\n<p>2014 senesinden itibaren kariyer hedefim <strong>Mobile Development<\/strong> oldu. Korkular\u0131mla y\u00fczle\u015fiyorum \ud83d\ude00 ( SYNTAX LARIN S\u0130Z\u0130 \u00dcRK\u00dcTMES\u0130NE \u0130Z\u0130N\u00a0VERMEY\u0130N )<\/p>\n<p>Yine <strong>native mobil uygulama<\/strong> geli\u015ftirmeye sevk eden \u015fey, <strong>C++ Qt Framework<\/strong> \u00fcn <strong>platforma ait spesifik \u00f6zelliklerin<\/strong>i kullanabilmesi imkans\u0131zl\u0131\u011f\u0131ndan dolay\u0131d\u0131r ki <strong>(Bildirim servisi, A\u011f durumu, Rehber, Pil seviyesi, \u015farj durumu vs)<\/strong> <strong>Objective-C\/C++<\/strong> s\u00f6zdizimine a\u015finay\u0131m bir proje i\u00e7inde \u00e7oklu platformu destekleyen native uygulama geli\u015ftirmek harika bir \u015fey ( <strong>Android<\/strong>\/<strong>iOS<\/strong> <strong>&lt;3<\/strong> ).<\/p>\n<div>Yeteneklerimin detay\u0131 i\u00e7in linkedin profilime g\u00f6zatabilirsiniz<br \/>\n<a href=\"https:\/\/tr.linkedin.com\/in\/damrakoc\">https:\/\/tr.linkedin.com\/in\/damrakoc<\/a><\/div>\n<div>Okudu\u011funuz icin te\u015fekk\u00fcr ederim.<\/div>\n<p>\u015eimdilik bu kadar<\/p>\n<p><strong>Edit: 2020\/01\/07<\/strong><\/p>\n<p>Buray\u0131 unutmu\u015ftum. Ufak bir g\u00fcncelleme ge\u00e7mek istedim.<\/p>\n<p>2019 y\u0131l\u0131ndan beri aktif \u015fekilde Android platformunda\u00a0<strong>Kotlin<\/strong>\u00a0kodluyorum,\u00a0<strong>Architecture Component<\/strong>\u00a0k\u00fct\u00fcphanelerini severek kullan\u0131yorum.<\/p>\n<p>\u0130\u015f g\u00fc\u00e7 d\u0131\u015f\u0131nda spora da ba\u015flad\u0131m. 2 ayd\u0131r haftada 3 g\u00fcn sabahlar\u0131 istikrarl\u0131 bir \u015fekilde yap\u0131yorum, bu sefer b\u0131rakmam in\u015f. Hen\u00fcz yiyeceklere\u00a0besin demeye ba\u015flamad\u0131m ama o g\u00fcnler de gelecek \ud83d\ude42<\/p>\n<p>(Bu sayfa s\u00fcrekli g\u00fcncellenecektir.)<\/p>\n","protected":false},"excerpt":{"rendered":"<p>Merhabalar, benim ad\u0131m Damra.\u00a0Bursa&#8217;l\u0131y\u0131m, \u0130stanbul&#8217;da ya\u015f\u0131yorum. 93 do\u011fumluyum.\u00a0(Kendimle alakal\u0131, zaman bulduk\u00e7a bu c\u00fcmlenin devam\u0131n\u0131 getirece\u011fim). Yakla\u015f\u0131k olarak 2012&#8216;den beri yaz\u0131l\u0131mc\u0131 (backend \/ mobile application developer) olarak \u00e7al\u0131\u015f\u0131yorum. Mesle\u011fimi seviyorum, ileriye d\u00f6n\u00fck daha\u00a0g\u00fczel \u015feyler\u00a0yapabilmek i\u00e7in kendimi s\u00fcrekli geli\u015ftirdi\u011fime inan\u0131yorum. Garip bir ad\u0131m var biliyorum ve damra ne demek\u00a0diyecek olursan\u0131z ad\u0131m\u0131n anlam\u0131n\u0131 tam olarak ben de bilmiyorum [&hellip;]<\/p>\n","protected":false},"author":1,"featured_media":0,"parent":0,"menu_order":0,"comment_status":"closed","ping_status":"open","template":"","meta":{"footnotes":""},"class_list":["post-2","page","type-page","status-publish","hentry"],"yoast_head":"<!-- This site is optimized with the Yoast SEO plugin v25.1 - https:\/\/yoast.com\/wordpress\/plugins\/seo\/ -->\n<title>Damra Hakk\u0131nda - Damra KO\u00c7<\/title>\n<meta name=\"description\" content=\"Merhabalar, Benim ad\u0131m Damra. Garip bir ad\u0131m var biliyorum ve ad\u0131m\u0131n anlam\u0131n\u0131 tam olarak bende bilmiyorum ama edindi\u011fim bilgiler do\u011frultusunda\" \/>\n<meta name=\"robots\" content=\"index, follow, max-snippet:-1, max-image-preview:large, max-video-preview:-1\" \/>\n<link rel=\"canonical\" href=\"https:\/\/damrakoc.com\/blog\/damra-hakkinda\/\" \/>\n<meta property=\"og:locale\" content=\"en_US\" \/>\n<meta property=\"og:type\" content=\"article\" \/>\n<meta property=\"og:title\" content=\"Damra Hakk\u0131nda - Damra KO\u00c7\" \/>\n<meta property=\"og:description\" content=\"Merhabalar, Benim ad\u0131m Damra. Garip bir ad\u0131m var biliyorum ve ad\u0131m\u0131n anlam\u0131n\u0131 tam olarak bende bilmiyorum ama edindi\u011fim bilgiler do\u011frultusunda\" \/>\n<meta property=\"og:url\" content=\"https:\/\/damrakoc.com\/blog\/damra-hakkinda\/\" \/>\n<meta property=\"og:site_name\" content=\"Damra KO\u00c7\" \/>\n<meta property=\"article:modified_time\" content=\"2020-01-17T15:51:24+00:00\" \/>\n<meta name=\"twitter:card\" content=\"summary_large_image\" \/>\n<meta name=\"twitter:site\" content=\"@damra_koc\" \/>\n<meta name=\"twitter:label1\" content=\"Est. reading time\" \/>\n\t<meta name=\"twitter:data1\" content=\"3 minutes\" \/>\n<script type=\"application\/ld+json\" class=\"yoast-schema-graph\">{\"@context\":\"https:\/\/schema.org\",\"@graph\":[{\"@type\":\"WebPage\",\"@id\":\"https:\/\/damrakoc.com\/blog\/damra-hakkinda\/\",\"url\":\"https:\/\/damrakoc.com\/blog\/damra-hakkinda\/\",\"name\":\"Damra Hakk\u0131nda - Damra KO\u00c7\",\"isPartOf\":{\"@id\":\"http:\/\/damrakoc.com\/blog\/#website\"},\"datePublished\":\"2017-02-01T08:26:40+00:00\",\"dateModified\":\"2020-01-17T15:51:24+00:00\",\"description\":\"Merhabalar, Benim ad\u0131m Damra. Garip bir ad\u0131m var biliyorum ve ad\u0131m\u0131n anlam\u0131n\u0131 tam olarak bende bilmiyorum ama edindi\u011fim bilgiler do\u011frultusunda\",\"breadcrumb\":{\"@id\":\"https:\/\/damrakoc.com\/blog\/damra-hakkinda\/#breadcrumb\"},\"inLanguage\":\"en-US\",\"potentialAction\":[{\"@type\":\"ReadAction\",\"target\":[\"https:\/\/damrakoc.com\/blog\/damra-hakkinda\/\"]}]},{\"@type\":\"BreadcrumbList\",\"@id\":\"https:\/\/damrakoc.com\/blog\/damra-hakkinda\/#breadcrumb\",\"itemListElement\":[{\"@type\":\"ListItem\",\"position\":1,\"name\":\"Home\",\"item\":\"http:\/\/damrakoc.com\/blog\/\"},{\"@type\":\"ListItem\",\"position\":2,\"name\":\"Damra Hakk\u0131nda\"}]},{\"@type\":\"WebSite\",\"@id\":\"http:\/\/damrakoc.com\/blog\/#website\",\"url\":\"http:\/\/damrakoc.com\/blog\/\",\"name\":\"Damra KO\u00c7\",\"description\":\"Software Developer\",\"potentialAction\":[{\"@type\":\"SearchAction\",\"target\":{\"@type\":\"EntryPoint\",\"urlTemplate\":\"http:\/\/damrakoc.com\/blog\/?s={search_term_string}\"},\"query-input\":{\"@type\":\"PropertyValueSpecification\",\"valueRequired\":true,\"valueName\":\"search_term_string\"}}],\"inLanguage\":\"en-US\"}]}<\/script>\n<!-- \/ Yoast SEO plugin. -->","yoast_head_json":{"title":"Damra Hakk\u0131nda - Damra KO\u00c7","description":"Merhabalar, Benim ad\u0131m Damra. Garip bir ad\u0131m var biliyorum ve ad\u0131m\u0131n anlam\u0131n\u0131 tam olarak bende bilmiyorum ama edindi\u011fim bilgiler do\u011frultusunda","robots":{"index":"index","follow":"follow","max-snippet":"max-snippet:-1","max-image-preview":"max-image-preview:large","max-video-preview":"max-video-preview:-1"},"canonical":"https:\/\/damrakoc.com\/blog\/damra-hakkinda\/","og_locale":"en_US","og_type":"article","og_title":"Damra Hakk\u0131nda - Damra KO\u00c7","og_description":"Merhabalar, Benim ad\u0131m Damra. Garip bir ad\u0131m var biliyorum ve ad\u0131m\u0131n anlam\u0131n\u0131 tam olarak bende bilmiyorum ama edindi\u011fim bilgiler do\u011frultusunda","og_url":"https:\/\/damrakoc.com\/blog\/damra-hakkinda\/","og_site_name":"Damra KO\u00c7","article_modified_time":"2020-01-17T15:51:24+00:00","twitter_card":"summary_large_image","twitter_site":"@damra_koc","twitter_misc":{"Est. reading time":"3 minutes"},"schema":{"@context":"https:\/\/schema.org","@graph":[{"@type":"WebPage","@id":"https:\/\/damrakoc.com\/blog\/damra-hakkinda\/","url":"https:\/\/damrakoc.com\/blog\/damra-hakkinda\/","name":"Damra Hakk\u0131nda - Damra KO\u00c7","isPartOf":{"@id":"http:\/\/damrakoc.com\/blog\/#website"},"datePublished":"2017-02-01T08:26:40+00:00","dateModified":"2020-01-17T15:51:24+00:00","description":"Merhabalar, Benim ad\u0131m Damra. Garip bir ad\u0131m var biliyorum ve ad\u0131m\u0131n anlam\u0131n\u0131 tam olarak bende bilmiyorum ama edindi\u011fim bilgiler do\u011frultusunda","breadcrumb":{"@id":"https:\/\/damrakoc.com\/blog\/damra-hakkinda\/#breadcrumb"},"inLanguage":"en-US","potentialAction":[{"@type":"ReadAction","target":["https:\/\/damrakoc.com\/blog\/damra-hakkinda\/"]}]},{"@type":"BreadcrumbList","@id":"https:\/\/damrakoc.com\/blog\/damra-hakkinda\/#breadcrumb","itemListElement":[{"@type":"ListItem","position":1,"name":"Home","item":"http:\/\/damrakoc.com\/blog\/"},{"@type":"ListItem","position":2,"name":"Damra Hakk\u0131nda"}]},{"@type":"WebSite","@id":"http:\/\/damrakoc.com\/blog\/#website","url":"http:\/\/damrakoc.com\/blog\/","name":"Damra KO\u00c7","description":"Software Developer","potentialAction":[{"@type":"SearchAction","target":{"@type":"EntryPoint","urlTemplate":"http:\/\/damrakoc.com\/blog\/?s={search_term_string}"},"query-input":{"@type":"PropertyValueSpecification","valueRequired":true,"valueName":"search_term_string"}}],"inLanguage":"en-US"}]}},"_links":{"self":[{"href":"http:\/\/damrakoc.com\/blog\/wp-json\/wp\/v2\/pages\/2","targetHints":{"allow":["GET"]}}],"collection":[{"href":"http:\/\/damrakoc.com\/blog\/wp-json\/wp\/v2\/pages"}],"about":[{"href":"http:\/\/damrakoc.com\/blog\/wp-json\/wp\/v2\/types\/page"}],"author":[{"embeddable":true,"href":"http:\/\/damrakoc.com\/blog\/wp-json\/wp\/v2\/users\/1"}],"replies":[{"embeddable":true,"href":"http:\/\/damrakoc.com\/blog\/wp-json\/wp\/v2\/comments?post=2"}],"version-history":[{"count":23,"href":"http:\/\/damrakoc.com\/blog\/wp-json\/wp\/v2\/pages\/2\/revisions"}],"predecessor-version":[{"id":318,"href":"http:\/\/damrakoc.com\/blog\/wp-json\/wp\/v2\/pages\/2\/revisions\/318"}],"wp:attachment":[{"href":"http:\/\/damrakoc.com\/blog\/wp-json\/wp\/v2\/media?parent=2"}],"curies":[{"name":"wp","href":"https:\/\/api.w.org\/{rel}","templated":true}]}}